{"id":341,"date":"2023-03-16T11:45:22","date_gmt":"2023-03-16T10:45:22","guid":{"rendered":"https:\/\/bestwesternhoteliomontpellier.ms.decms.eu\/les-balades-en-velo\/"},"modified":"2025-09-23T15:38:58","modified_gmt":"2025-09-23T13:38:58","slug":"bike-rides","status":"publish","type":"page","link":"https:\/\/www.hotelio.fr\/en\/services-and-activities\/bike-rides\/","title":{"rendered":"Bike rides"},"content":{"rendered":"<p style=\"text-align: left;\"><span style=\"font-weight: 400;\">As a hotel with &#8216;Accueil V\u00e9lo&#8217; (Cyclists Welcome) certification, <\/span>the Best Western Hotelio Montpellier Sud <span style=\"font-weight: 400;\">\u00a0is committed to offering you the best service for your cycling holiday.<\/span><\/p>\n<p style=\"text-align: left;\">Whether you&#8217;re traveling by bike or would like to organize rides during your stay, we&#8217;ll do our utmost to help you maintain and repair your equipment.<\/p>\n<p style=\"text-align: left;\">Numerous cycle paths are within easy reach of the hotel, so you&#8217;re sure to find some great cycling in Montpellier!<\/p>\n<p style=\"text-align: left;\">We also offer a washing and drying service for your clothes.Repair kits and bike shelters are also available.<\/p>\n<p style=\"text-align: left;\">Our team is on hand to answer any questions you may have and to advise you on the best routes to take.<\/p>\n","protected":false},"excerpt":{"rendered":"<p>As a hotel with &#8216;Accueil V\u00e9lo&#8217; (Cyclists Welcome) certification, the Best Western Hotelio Montpellier Sud \u00a0is committed to offering you the best service for your cycling holiday. Whether you&#8217;re traveling by bike or would like to organize rides during your stay, we&#8217;ll do our utmost to help you maintain and repair your equipment. Numerous cycle [&hellip;]<\/p>\n","protected":false},"author":531,"featured_media":0,"parent":356,"menu_order":0,"comment_status":"closed","ping_status":"closed","template":"template-surroundings.php","meta":{"footnotes":""},"class_list":["post-341","page","type-page","status-publish","hentry"],"yoast_head":"<!-- This site is optimized with the Yoast SEO plugin v26.9 - https:\/\/yoast.com\/product\/yoast-seo-wordpress\/ -->\n<title>Hotel Accueil V\u00e9lo | Best Western Hotelio Montpellier Sud<\/title>\n<meta name=\"description\" content=\"S\u00e9journez dans un h\u00f4tel certifi\u00e9 Accueil V\u00e9lo \u00e0 Montpellier. Le Best Western Hotelio vous accueille avec acc\u00e8s pistes cyclables, abris et kits de r\u00e9paration\" \/>\n<meta name=\"robots\" content=\"index, follow, max-snippet:-1, max-image-preview:large, max-video-preview:-1\" \/>\n<link rel=\"canonical\" href=\"https:\/\/www.hotelio.fr\/en\/services-and-activities\/bike-rides\/\" \/>\n<meta property=\"og:locale\" content=\"en_US\" \/>\n<meta property=\"og:type\" content=\"article\" \/>\n<meta property=\"og:title\" content=\"Hotel Accueil V\u00e9lo | Best Western Hotelio Montpellier Sud\" \/>\n<meta property=\"og:description\" content=\"S\u00e9journez dans un h\u00f4tel certifi\u00e9 Accueil V\u00e9lo \u00e0 Montpellier. Le Best Western Hotelio vous accueille avec acc\u00e8s pistes cyclables, abris et kits de r\u00e9paration\" \/>\n<meta property=\"og:url\" content=\"https:\/\/www.hotelio.fr\/en\/services-and-activities\/bike-rides\/\" \/>\n<meta property=\"og:site_name\" content=\"Best Western Hotelio Montpellier\" \/>\n<meta property=\"article:modified_time\" content=\"2025-09-23T13:38:58+00:00\" \/>\n<meta name=\"twitter:card\" content=\"summary_large_image\" \/>\n<meta name=\"twitter:label1\" content=\"Est. reading time\" \/>\n\t<meta name=\"twitter:data1\" content=\"1 minute\" \/>\n<script type=\"application\/ld+json\" class=\"yoast-schema-graph\">{\"@context\":\"https:\/\/schema.org\",\"@graph\":[{\"@type\":\"WebPage\",\"@id\":\"https:\/\/www.hotelio.fr\/en\/services-and-activities\/bike-rides\/\",\"url\":\"https:\/\/www.hotelio.fr\/en\/services-and-activities\/bike-rides\/\",\"name\":\"Hotel Accueil V\u00e9lo | Best Western Hotelio Montpellier Sud\",\"isPartOf\":{\"@id\":\"http:\/\/www.hotelio.fr\/en\/#website\"},\"datePublished\":\"2023-03-16T10:45:22+00:00\",\"dateModified\":\"2025-09-23T13:38:58+00:00\",\"description\":\"S\u00e9journez dans un h\u00f4tel certifi\u00e9 Accueil V\u00e9lo \u00e0 Montpellier. Le Best Western Hotelio vous accueille avec acc\u00e8s pistes cyclables, abris et kits de r\u00e9paration\",\"breadcrumb\":{\"@id\":\"https:\/\/www.hotelio.fr\/en\/services-and-activities\/bike-rides\/#breadcrumb\"},\"inLanguage\":\"en-US\",\"potentialAction\":[{\"@type\":\"ReadAction\",\"target\":[\"https:\/\/www.hotelio.fr\/en\/services-and-activities\/bike-rides\/\"]}]},{\"@type\":\"BreadcrumbList\",\"@id\":\"https:\/\/www.hotelio.fr\/en\/services-and-activities\/bike-rides\/#breadcrumb\",\"itemListElement\":[{\"@type\":\"ListItem\",\"position\":1,\"name\":\"Accueil\",\"item\":\"https:\/\/www.hotelio.fr\/en\/\"},{\"@type\":\"ListItem\",\"position\":2,\"name\":\"Services &#038; Activities\",\"item\":\"https:\/\/www.hotelio.fr\/en\/services-and-activities\/\"},{\"@type\":\"ListItem\",\"position\":3,\"name\":\"Bike rides\"}]},{\"@type\":\"WebSite\",\"@id\":\"http:\/\/www.hotelio.fr\/en\/#website\",\"url\":\"http:\/\/www.hotelio.fr\/en\/\",\"name\":\"Best Western Hotelio Montpellier\",\"description\":\"\",\"potentialAction\":[{\"@type\":\"SearchAction\",\"target\":{\"@type\":\"EntryPoint\",\"urlTemplate\":\"http:\/\/www.hotelio.fr\/en\/?s={search_term_string}\"},\"query-input\":{\"@type\":\"PropertyValueSpecification\",\"valueRequired\":true,\"valueName\":\"search_term_string\"}}],\"inLanguage\":\"en-US\"}]}<\/script>\n<!-- \/ Yoast SEO plugin. -->","yoast_head_json":{"title":"Hotel Accueil V\u00e9lo | Best Western Hotelio Montpellier Sud","description":"S\u00e9journez dans un h\u00f4tel certifi\u00e9 Accueil V\u00e9lo \u00e0 Montpellier. Le Best Western Hotelio vous accueille avec acc\u00e8s pistes cyclables, abris et kits de r\u00e9paration","robots":{"index":"index","follow":"follow","max-snippet":"max-snippet:-1","max-image-preview":"max-image-preview:large","max-video-preview":"max-video-preview:-1"},"canonical":"https:\/\/www.hotelio.fr\/en\/services-and-activities\/bike-rides\/","og_locale":"en_US","og_type":"article","og_title":"Hotel Accueil V\u00e9lo | Best Western Hotelio Montpellier Sud","og_description":"S\u00e9journez dans un h\u00f4tel certifi\u00e9 Accueil V\u00e9lo \u00e0 Montpellier. Le Best Western Hotelio vous accueille avec acc\u00e8s pistes cyclables, abris et kits de r\u00e9paration","og_url":"https:\/\/www.hotelio.fr\/en\/services-and-activities\/bike-rides\/","og_site_name":"Best Western Hotelio Montpellier","article_modified_time":"2025-09-23T13:38:58+00:00","twitter_card":"summary_large_image","twitter_misc":{"Est. reading time":"1 minute"},"schema":{"@context":"https:\/\/schema.org","@graph":[{"@type":"WebPage","@id":"https:\/\/www.hotelio.fr\/en\/services-and-activities\/bike-rides\/","url":"https:\/\/www.hotelio.fr\/en\/services-and-activities\/bike-rides\/","name":"Hotel Accueil V\u00e9lo | Best Western Hotelio Montpellier Sud","isPartOf":{"@id":"http:\/\/www.hotelio.fr\/en\/#website"},"datePublished":"2023-03-16T10:45:22+00:00","dateModified":"2025-09-23T13:38:58+00:00","description":"S\u00e9journez dans un h\u00f4tel certifi\u00e9 Accueil V\u00e9lo \u00e0 Montpellier. Le Best Western Hotelio vous accueille avec acc\u00e8s pistes cyclables, abris et kits de r\u00e9paration","breadcrumb":{"@id":"https:\/\/www.hotelio.fr\/en\/services-and-activities\/bike-rides\/#breadcrumb"},"inLanguage":"en-US","potentialAction":[{"@type":"ReadAction","target":["https:\/\/www.hotelio.fr\/en\/services-and-activities\/bike-rides\/"]}]},{"@type":"BreadcrumbList","@id":"https:\/\/www.hotelio.fr\/en\/services-and-activities\/bike-rides\/#breadcrumb","itemListElement":[{"@type":"ListItem","position":1,"name":"Accueil","item":"https:\/\/www.hotelio.fr\/en\/"},{"@type":"ListItem","position":2,"name":"Services &#038; Activities","item":"https:\/\/www.hotelio.fr\/en\/services-and-activities\/"},{"@type":"ListItem","position":3,"name":"Bike rides"}]},{"@type":"WebSite","@id":"http:\/\/www.hotelio.fr\/en\/#website","url":"http:\/\/www.hotelio.fr\/en\/","name":"Best Western Hotelio Montpellier","description":"","potentialAction":[{"@type":"SearchAction","target":{"@type":"EntryPoint","urlTemplate":"http:\/\/www.hotelio.fr\/en\/?s={search_term_string}"},"query-input":{"@type":"PropertyValueSpecification","valueRequired":true,"valueName":"search_term_string"}}],"inLanguage":"en-US"}]}},"acf":[],"_links":{"self":[{"href":"https:\/\/www.hotelio.fr\/en\/wp-json\/wp\/v2\/pages\/341","targetHints":{"allow":["GET"]}}],"collection":[{"href":"https:\/\/www.hotelio.fr\/en\/wp-json\/wp\/v2\/pages"}],"about":[{"href":"https:\/\/www.hotelio.fr\/en\/wp-json\/wp\/v2\/types\/page"}],"author":[{"embeddable":true,"href":"https:\/\/www.hotelio.fr\/en\/wp-json\/wp\/v2\/users\/531"}],"replies":[{"embeddable":true,"href":"https:\/\/www.hotelio.fr\/en\/wp-json\/wp\/v2\/comments?post=341"}],"version-history":[{"count":0,"href":"https:\/\/www.hotelio.fr\/en\/wp-json\/wp\/v2\/pages\/341\/revisions"}],"up":[{"embeddable":true,"href":"https:\/\/www.hotelio.fr\/en\/wp-json\/wp\/v2\/pages\/356"}],"wp:attachment":[{"href":"https:\/\/www.hotelio.fr\/en\/wp-json\/wp\/v2\/media?parent=341"}],"curies":[{"name":"wp","href":"https:\/\/api.w.org\/{rel}","templated":true}]}}